{"id":1754,"date":"2024-01-22T21:42:31","date_gmt":"2024-01-22T21:42:31","guid":{"rendered":"https:\/\/marsamcontabilidade.com\/?page_id=1754"},"modified":"2024-02-21T12:30:43","modified_gmt":"2024-02-21T12:30:43","slug":"politica-de-privacidade","status":"publish","type":"page","link":"https:\/\/marsamcontabilidade.com\/en\/politica-de-privacidade\/","title":{"rendered":"Privacy Policy"},"content":{"rendered":"<section class=\"l-section wpb_row height_large\"><div class=\"l-section-h i-cf\"><div class=\"g-cols vc_row via_flex valign_top type_default stacking_default\"><div class=\"vc_col-sm-12 wpb_column vc_column_container\"><div class=\"vc_column-inner\"><div class=\"wpb_wrapper\"><div class=\"wpb_text_column\"><div class=\"wpb_wrapper\"><h2 class=\"wp-block-heading\">Who we are<\/h2>\n<p>Our website address is: https:\/\/marsamcontabilidade.com.<\/p>\n<h2 class=\"wp-block-heading\">Comments<\/h2>\n<p>When visitors leave comments on the site, the data in the comments form, as well as the IP address and browser user agent, are saved to help with spam detection.<\/p>\n<p>An anonymized string created from your email address (also called a hash) may be sent to the Gravatar service to see if you are using it. The Gravatar service privacy policy is available here: https:\/\/automattic.com\/privacy\/. After your comment is approved, your profile picture is visible to the public in the context of your comment.<\/p>\n<h2 class=\"wp-block-heading\">Cookies<\/h2>\n<p>If you leave a comment on our site you may choose to save your name, email address and website in cookies. This is for your convenience so that you do not have to fill in your details again when you leave another comment. These cookies will last for a year.<\/p>\n<p>If you visit the login page, a temporary cookie will be set to determine whether your browser accepts cookies. This cookie does not contain personal data and will be deleted when you close your browser.<\/p>\n<p>When logging in, some cookies will be set to save your session information and your screen display choices. Session login cookies last for one year. If you select \u201cRemember me\u201d, your session will persist for two weeks. When you end your session, your login cookies will be removed.<\/p>\n<p>If you edit or publish an article, an additional cookie will be saved in your browser. This cookie does not include personal data, it only indicates the content ID of the article you just edited. Expires after 1 day.<\/p>\n<h2 class=\"wp-block-heading\">Embedded content from other websites<\/h2>\n<p>Articles on this site may include embedded content (e.g. videos, images, articles, etc.). Embedded content from other websites behaves as if the user visited those websites.<\/p>\n<p>This website may collect data about you, use cookies, incorporate tracking made by third parties, monitor your interactions with it, including recording interactions with embedded content if you have an account and are logged in to that website.<\/p>\n<h2 class=\"wp-block-heading\">How long is your data retained<\/h2>\n<p>If you leave a comment, the comment and its metadata are saved indefinitely. This is so that you can automatically recognize and approve any follow-up comments, rather than placing them in a moderation queue.<\/p>\n<p>For users who register on our website (if any), we store the personal information provided in your user profile. All users can view, edit, or delete their personal information at any time (with the exception that they cannot change their username). Site administrators can also view and edit this information.<\/p>\n<h2 class=\"wp-block-heading\">What rights do you have over your data?<\/h2>\n<p>If you have an account on this site, or have left comments, you can request to receive an export file of the personal data held about you, including any personal data you have provided. You can also request that saved data be deleted. This does not include any personal data that is mandatory to keep for administrative, legal or security purposes.<\/p>\n<h2 class=\"wp-block-heading\">Where your data is sent<\/h2>\n<p>Visitor comments may be checked using an automatic spam detection service.<\/p>\n<\/div><\/div><\/div><\/div><\/div><\/div><\/div><\/section>","protected":false},"excerpt":{"rendered":"Quem somos O endere\u00e7o do nosso site \u00e9: https:\/\/marsamcontabilidade.com. Coment\u00e1rios Quando os visitantes deixam coment\u00e1rios no site, s\u00e3o guardados os dados presentes no formul\u00e1rio dos coment\u00e1rios, bem como o endere\u00e7o de IP e o agente do utilizador do navegador, para ajudar com a detec\u00e7\u00e3o de spam. Uma string an\u00f3nima criada a partir do seu endere\u00e7o...","protected":false},"author":1,"featured_media":0,"parent":0,"menu_order":3,"comment_status":"closed","ping_status":"closed","template":"","meta":{"_monsterinsights_skip_tracking":false,"_monsterinsights_sitenote_active":false,"_monsterinsights_sitenote_note":"","_monsterinsights_sitenote_category":0,"footnotes":""},"class_list":["post-1754","page","type-page","status-publish","hentry"],"_links":{"self":[{"href":"https:\/\/marsamcontabilidade.com\/en\/wp-json\/wp\/v2\/pages\/1754","targetHints":{"allow":["GET"]}}],"collection":[{"href":"https:\/\/marsamcontabilidade.com\/en\/wp-json\/wp\/v2\/pages"}],"about":[{"href":"https:\/\/marsamcontabilidade.com\/en\/wp-json\/wp\/v2\/types\/page"}],"author":[{"embeddable":true,"href":"https:\/\/marsamcontabilidade.com\/en\/wp-json\/wp\/v2\/users\/1"}],"replies":[{"embeddable":true,"href":"https:\/\/marsamcontabilidade.com\/en\/wp-json\/wp\/v2\/comments?post=1754"}],"version-history":[{"count":4,"href":"https:\/\/marsamcontabilidade.com\/en\/wp-json\/wp\/v2\/pages\/1754\/revisions"}],"predecessor-version":[{"id":2000,"href":"https:\/\/marsamcontabilidade.com\/en\/wp-json\/wp\/v2\/pages\/1754\/revisions\/2000"}],"wp:attachment":[{"href":"https:\/\/marsamcontabilidade.com\/en\/wp-json\/wp\/v2\/media?parent=1754"}],"curies":[{"name":"wp","href":"https:\/\/api.w.org\/{rel}","templated":true}]}}