{"id":1896,"date":"2024-02-13T16:14:06","date_gmt":"2024-02-13T16:14:06","guid":{"rendered":"https:\/\/marsamcontabilidade.com\/?page_id=1896"},"modified":"2024-02-21T12:30:00","modified_gmt":"2024-02-21T12:30:00","slug":"resumo-dos-principais-requisitos-para-abrir-uma-empresa-tvde","status":"publish","type":"page","link":"https:\/\/marsamcontabilidade.com\/en\/resumo-dos-principais-requisitos-para-abrir-uma-empresa-tvde\/","title":{"rendered":"Resumo dos principais requisitos para abrir uma empresa TVDE"},"content":{"rendered":"<section class=\"l-section wpb_row height_medium\"><div class=\"l-section-h i-cf\"><div class=\"g-cols vc_row via_flex valign_middle type_default reversed stacking_default\"><div class=\"vc_col-sm-2\/5 wpb_column vc_column_container\"><div class=\"vc_column-inner\"><div class=\"wpb_wrapper\"><div class=\"wpb_text_column\"><div class=\"wpb_wrapper\"><h2>principais requisitos para abrir uma empresa TVDE<\/h2>\n<p>Abrir uma empresa de Transporte em Ve\u00edculo Descaracterizado a partir de Plataforma Eletr\u00f3nica (TVDE) envolve alguns passos espec\u00edficos, principalmente no contexto contabil\u00edstico.<\/p>\n<p>Aqui est\u00e1 um resumo dos principais requisitos para abrir uma empresa TVDE:<\/p>\n<\/div><\/div><\/div><\/div><\/div><div class=\"vc_col-sm-3\/5 wpb_column vc_column_container\"><div class=\"vc_column-inner\"><div class=\"wpb_wrapper\"><div class=\"w-image align_none\"><div class=\"w-image-h\"><img decoding=\"async\" width=\"1024\" height=\"576\" src=\"https:\/\/marsamcontabilidade.com\/wp-content\/uploads\/2024\/02\/Resumo-dos-principais-requisitos-para-abrir-uma-empresa-TVDE-1024x576.jpg\" class=\"attachment-large size-large\" alt=\"Principais requisitos para abrir uma empresa TVDE\" loading=\"lazy\" srcset=\"https:\/\/marsamcontabilidade.com\/wp-content\/uploads\/2024\/02\/Resumo-dos-principais-requisitos-para-abrir-uma-empresa-TVDE-1024x576.jpg 1024w, https:\/\/marsamcontabilidade.com\/wp-content\/uploads\/2024\/02\/Resumo-dos-principais-requisitos-para-abrir-uma-empresa-TVDE-300x169.jpg 300w, https:\/\/marsamcontabilidade.com\/wp-content\/uploads\/2024\/02\/Resumo-dos-principais-requisitos-para-abrir-uma-empresa-TVDE-18x10.jpg 18w, https:\/\/marsamcontabilidade.com\/wp-content\/uploads\/2024\/02\/Resumo-dos-principais-requisitos-para-abrir-uma-empresa-TVDE.jpg 1560w\" sizes=\"auto, (max-width: 1024px) 100vw, 1024px\" \/><\/div><\/div><\/div><\/div><\/div><\/div><\/div><\/section><section class=\"l-section wpb_row height_auto\"><div class=\"l-section-h i-cf\"><div class=\"g-cols vc_row via_flex valign_top type_default stacking_default\"><div class=\"vc_col-sm-12 wpb_column vc_column_container\"><div class=\"vc_column-inner\"><div class=\"wpb_wrapper\"><div class=\"wpb_text_column\"><div class=\"wpb_wrapper\"><p style=\"text-align: center;\"><span style=\"font-family: verdana, geneva, sans-serif;\"><strong><span style=\"font-size: 18pt;\">Na Marsam Contabildade tratamos de todo o processo tanto na cria\u00e7\u00e3o como na gest\u00e3o da sua empresa TVDE.<\/span><\/strong><\/span><\/p>\n<p style=\"text-align: center;\"><span style=\"font-family: verdana, geneva, sans-serif;\">Marque j\u00e1 a sua reuni\u00e3o gr\u00e1tis, ou entre em contacto connosco <a href=\"https:\/\/marsamcontabilidade.com\/en\/resumo-dos-principais-requisitos-para-abrir-uma-empresa-tvde\/#agendar\">aqui<\/a><\/span><\/p>\n<\/div><\/div><div class=\"w-separator size_medium\"><\/div><\/div><\/div><\/div><\/div><\/div><\/section><section class=\"l-section wpb_row height_small\"><div class=\"l-section-h i-cf\"><div class=\"g-cols vc_row via_flex valign_top type_default stacking_default\"><div class=\"vc_col-sm-6 wpb_column vc_column_container\"><div class=\"vc_column-inner\"><div class=\"wpb_wrapper\"><div class=\"wpb_text_column\"><div class=\"wpb_wrapper\"><h4><strong>Constitui\u00e7\u00e3o Jur\u00eddica:<\/strong><\/h4>\n<p>Escolha a forma jur\u00eddica da empresa, como sociedade limitada, unipessoal ou outra que se adeque ao seu perfil.<\/p>\n<h4><strong>Registo Comercial:<\/strong><\/h4>\n<p>Registe a empresa no Registo Comercial para obter a sua personalidade jur\u00eddica.<\/p>\n<h4><strong>Licenciamento TVDE:<\/strong><\/h4>\n<p>Obt\u00e9m a licen\u00e7a para operar como empresa TVDE junto das entidades reguladoras competentes. Este processo pode variar de acordo com a legisla\u00e7\u00e3o local.<\/p>\n<h4><strong>Contabilidade e Finan\u00e7as:<\/strong><\/h4>\n<p>Contrate um contabilista ou empresa de contabilidade especializada em transporte para assegurar o cumprimento das obriga\u00e7\u00f5es fiscais e contabil\u00edsticas.<\/p>\n<h4><strong>Abertura de Conta Banc\u00e1ria:<\/strong><\/h4>\n<p>Abra uma conta banc\u00e1ria em nome da empresa para facilitar as transa\u00e7\u00f5es financeiras relacionadas com o neg\u00f3cio.<\/p>\n<\/div><\/div><\/div><\/div><\/div><div class=\"vc_col-sm-6 wpb_column vc_column_container\"><div class=\"vc_column-inner\"><div class=\"wpb_wrapper\"><div class=\"wpb_text_column\"><div class=\"wpb_wrapper\"><h4><strong>Seguros Obrigat\u00f3rios:<\/strong><\/h4>\n<p>Adquira os seguros necess\u00e1rios para cobrir responsabilidade civil, acidentes, e outros requisitos legais. (Realizamos todo o tipo de seguros)<\/p>\n<h4><strong>Sistemas de Fatura\u00e7\u00e3o:<\/strong><\/h4>\n<p>Implemente sistemas de fatura\u00e7\u00e3o compat\u00edveis com as exig\u00eancias legais para registar as receitas e despesas <strong>relacionadas com o neg\u00f3cio.<\/strong><\/p>\n<h4><strong>Seguran\u00e7a e Privacidade de Dados:<\/strong><\/h4>\n<p>Esteja em conformidade com as regulamenta\u00e7\u00f5es de seguran\u00e7a e privacidade de dados, especialmente no que diz respeito \u00e0 informa\u00e7\u00e3o dos clientes e motoristas.<\/p>\n<h4><strong>Auditoria Regular:<\/strong><\/h4>\n<p>Realize auditorias internas regulares para garantir a conformidade com as normas legais e regulamenta\u00e7\u00f5es em vigor.<\/p>\n<h4><strong>Atualiza\u00e7\u00e3o Legal:<\/strong><\/h4>\n<p>Mantenha-se informado sobre as mudan\u00e7as nas leis e regulamenta\u00e7\u00f5es relacionadas com empresas TVDE, garantindo a adapta\u00e7\u00e3o cont\u00ednua do neg\u00f3cio \u00e0s exig\u00eancias legais.<\/p>\n<p>\u00c9 crucial consultar profissionais especializados e entidades reguladoras locais para garantir que todos os requisitos espec\u00edficos da sua regi\u00e3o sejam devidamente atendidos durante o processo de abertura e opera\u00e7\u00e3o da empresa TVDE.<\/p>\n<\/div><\/div><\/div><\/div><\/div><\/div><\/div><\/section><section class=\"l-section wpb_row height_small color_primary\" id=\"agendar\"><div class=\"l-section-h i-cf\"><div class=\"g-cols vc_row via_flex valign_top type_default stacking_default\"><div class=\"vc_col-sm-12 wpb_column vc_column_container\"><div class=\"vc_column-inner\"><div class=\"wpb_wrapper\"><div class=\"w-actionbox color_primary controls_right\"><div class=\"w-actionbox-text\"><h2 class=\"w-actionbox-title\" style=\"font-size:max( 2rem, 4.5vh )\">Schedule a Meeting with Us Right Now<\/h2><\/div><div class=\"w-actionbox-controls\"><a class=\"w-btn us-btn-style_4\" target=\"_blank\" href=\"https:\/\/api.whatsapp.com\/send?phone=+351928 035 590&amp;text=Quero+agendar+uma+reuni\u00e3o!\" style=\"font-size:1.2rem;\" rel=\"noopener\"><span class=\"w-btn-label\">Schedule<\/span><\/a><\/div><\/div><\/div><\/div><\/div><\/div><\/div><\/section>","protected":false},"excerpt":{"rendered":"principais requisitos para abrir uma empresa TVDE Abrir uma empresa de Transporte em Ve\u00edculo Descaracterizado a partir de Plataforma Eletr\u00f3nica (TVDE) envolve alguns passos espec\u00edficos, principalmente no contexto contabil\u00edstico. Aqui est\u00e1 um resumo dos principais requisitos para abrir uma empresa TVDE: Na Marsam Contabildade tratamos de todo o processo tanto na cria\u00e7\u00e3o como na gest\u00e3o...","protected":false},"author":1,"featured_media":1897,"parent":0,"menu_order":5,"comment_status":"closed","ping_status":"closed","template":"","meta":{"_monsterinsights_skip_tracking":false,"_monsterinsights_sitenote_active":false,"_monsterinsights_sitenote_note":"","_monsterinsights_sitenote_category":0,"footnotes":""},"class_list":["post-1896","page","type-page","status-publish","has-post-thumbnail","hentry"],"_links":{"self":[{"href":"https:\/\/marsamcontabilidade.com\/en\/wp-json\/wp\/v2\/pages\/1896","targetHints":{"allow":["GET"]}}],"collection":[{"href":"https:\/\/marsamcontabilidade.com\/en\/wp-json\/wp\/v2\/pages"}],"about":[{"href":"https:\/\/marsamcontabilidade.com\/en\/wp-json\/wp\/v2\/types\/page"}],"author":[{"embeddable":true,"href":"https:\/\/marsamcontabilidade.com\/en\/wp-json\/wp\/v2\/users\/1"}],"replies":[{"embeddable":true,"href":"https:\/\/marsamcontabilidade.com\/en\/wp-json\/wp\/v2\/comments?post=1896"}],"version-history":[{"count":18,"href":"https:\/\/marsamcontabilidade.com\/en\/wp-json\/wp\/v2\/pages\/1896\/revisions"}],"predecessor-version":[{"id":1999,"href":"https:\/\/marsamcontabilidade.com\/en\/wp-json\/wp\/v2\/pages\/1896\/revisions\/1999"}],"wp:featuredmedia":[{"embeddable":true,"href":"https:\/\/marsamcontabilidade.com\/en\/wp-json\/wp\/v2\/media\/1897"}],"wp:attachment":[{"href":"https:\/\/marsamcontabilidade.com\/en\/wp-json\/wp\/v2\/media?parent=1896"}],"curies":[{"name":"wp","href":"https:\/\/api.w.org\/{rel}","templated":true}]}}